{"id":2,"date":"2020-08-31T09:04:57","date_gmt":"2020-08-31T09:04:57","guid":{"rendered":"http:\/\/stb-gallon.de\/wordpress\/?page_id=2"},"modified":"2025-04-07T06:56:36","modified_gmt":"2025-04-07T06:56:36","slug":"kontakt","status":"publish","type":"page","link":"https:\/\/stb-gallon.de\/wordpress\/index.php\/kontakt\/","title":{"rendered":"Kontakt"},"content":{"rendered":"<div data-colibri-id=\"2-c1\" class=\"style-426 style-local-2-c1 position-relative\">\n  <!---->\n  <div data-colibri-component=\"section\" data-colibri-id=\"2-c2\" id=\"overlappable\" class=\"h-section h-section-global-spacing d-flex align-items-lg-center align-items-md-center align-items-center style-431 style-local-2-c2 position-relative\">\n    <!---->\n    <!---->\n    <div class=\"h-section-grid-container h-section-boxed-container\">\n      <!---->\n      <div data-colibri-id=\"2-c3\" class=\"h-row-container gutters-row-lg-2 gutters-row-md-2 gutters-row-0 gutters-row-v-lg-2 gutters-row-v-md-2 gutters-row-v-2 style-1333 style-local-2-c3 position-relative\">\n        <!---->\n        <div class=\"h-row justify-content-lg-center justify-content-md-center justify-content-center align-items-lg-stretch align-items-md-stretch align-items-stretch gutters-col-lg-2 gutters-col-md-2 gutters-col-0 gutters-col-v-lg-2 gutters-col-v-md-2 gutters-col-v-2\">\n          <!---->\n          <div class=\"h-column h-column-container d-flex h-col-lg-auto h-col-md-auto h-col-auto style-1334-outer style-local-2-c4-outer\">\n            <div data-colibri-id=\"2-c4\" class=\"d-flex h-flex-basis h-column__inner h-ui-empty-state-container h-px-lg-2 h-px-md-2 h-px-2 v-inner-lg-2 v-inner-md-2 v-inner-2 style-1334 style-local-2-c4 position-relative\">\n              <!---->\n              <!---->\n              <div class=\"w-100 h-y-container h-column__content h-column__v-align flex-basis-100\">\n                <!---->\n              <\/div>\n            <\/div>\n          <\/div>\n        <\/div>\n      <\/div>\n      <div data-colibri-id=\"2-c6\" class=\"h-row-container gutters-row-lg-0 gutters-row-md-0 gutters-row-2 gutters-row-v-lg-0 gutters-row-v-md-0 gutters-row-v-2 style-432 style-local-2-c6 position-relative\">\n        <!---->\n        <div class=\"h-row justify-content-lg-center justify-content-md-center justify-content-center align-items-lg-center align-items-md-center align-items-center gutters-col-lg-0 gutters-col-md-0 gutters-col-2 gutters-col-v-lg-0 gutters-col-v-md-0 gutters-col-v-2\">\n          <!---->\n          <div class=\"h-column h-column-container d-flex h-col-lg-auto h-col-md-auto h-col-auto align-self-lg-center align-self-md-center align-self-center style-433-outer style-local-2-c7-outer\">\n            <div data-colibri-id=\"2-c7\" class=\"d-flex h-flex-basis h-column__inner h-px-lg-3 h-px-md-3 h-px-2 v-inner-lg-3 v-inner-md-3 v-inner-2 style-433 style-local-2-c7 position-relative\">\n              <!---->\n              <!---->\n              <div class=\"w-100 h-y-container h-column__content h-column__v-align flex-basis-auto align-self-lg-start align-self-md-start align-self-start\">\n                <!---->\n                <div data-colibri-id=\"2-c8\" class=\"h-icon style-434 style-local-2-c8 position-relative h-element\">\n                  <!----><span class=\"h-svg-icon h-icon__icon style-434-icon style-local-2-c8-icon\"><!--Icon by Icons8 Line Awesome (https:\/\/icons8.com\/line-awesome)--><svg version=\"1.1\" xmlns=\"http:\/\/www.w3.org\/2000\/svg\" xmlns:xlink=\"http:\/\/www.w3.org\/1999\/xlink\" id=\"paper-plane\" viewBox=\"0 0 512 545.5\"><path d=\"M57.5 117.5L86 129l352 144 36.5 15-36.5 15L86 447l-28.5 11.5 7-30 31-140.5-31-140.5zm44.5 53L124.5 272h226zM124.5 304L102 405.5 350.5 304h-226z\"><\/path><\/svg><\/span><\/div>\n                <div\n                  data-colibri-id=\"2-c40\" class=\"h-text h-text-component style-1365 style-local-2-c40 position-relative h-element\">\n                  <!---->\n                  <!---->\n                  <div class=\"\">\n                    <p><strong style=\"font-weight: 700;\">Telefonische Erreichbarkeit:<\/strong><\/p>\n                    <p>Montag \u2013 Donnerstag 09:00 Uhr bis 12:00 Uhr<\/p>\n                    <p>Au\u00dferhalb dieser Zeiten besprechen Sie bitte unsere Mailbox oder senden Sie uns eine E-Mail mit Ihren Anfragen.\n                      <br>Wir werden uns schnellstm\u00f6glich bei Ihnen melden.<\/p>\n                    <p>\n                      <br>\n                    <\/p>\n                    <p><strong style=\"font-weight: 700;\">Pers\u00f6nliche Erreichbarkeit:<\/strong><\/p>\n                    <p>Montag \u2013 Donnerstag 08:00 Uhr bis 16:00 Uhr<\/p>\n                    <p>Als zus\u00e4tzlichen Service haben wir an unserer Eingangstreppe eine gesicherte Paketbox installiert, in der Sie u.a.\n                      <br>auch einen gro\u00dfen Leitz-Ordner ablegen k\u00f6nnen. Damit sind Sie nicht an unsere B\u00fcrozeiten zur Abgabe Ihrer Unterlagen gebunden.<\/p>\n                    <p>\n                      <br>\n                    <\/p>\n                    <p><strong style=\"font-weight: 700;\">Die Kanzlei ist am Freitag generell geschlossen.<\/strong><\/p>\n                    <p>\n                      <br>\n                    <\/p>\n                    <p>Wir bitten um Verst\u00e4ndnis f\u00fcr diese notwendigen Ma\u00dfnahmen.<\/p>\n                    <p>Bitte beachten Sie, dass pers\u00f6nliche Termine weiterhin nach vorheriger Vereinbarung auch au\u00dferhalb dieser Zeiten m\u00f6glich sind.<\/p>\n                    <p>Wir danken Ihnen f\u00fcr Ihr Verst\u00e4ndnis und freuen uns auf die weitere Zusammenarbeit.<\/p>\n                    <p><span style=\"color: rgb(123, 120, 120);\">Tel. (0 61 34) 9579 300<br>Fax (0 61 34) 5 31 37<\/span><\/p>\n                    <p><span style=\"color: rgb(123, 120, 120);\">\ufeff<\/span><\/p>\n                    <p><strong style=\"font-weight: 800;\"><u>Postanschrift<\/u><\/strong><\/p>\n                    <p><strong style=\"color: rgb(0, 0, 0); font-family: &quot;Open Sans&quot;; font-size: 16px;\">Rainer&nbsp;Gallon<\/strong><span style=\"color: rgb(0, 0, 0); font-family: &quot;Open Sans&quot;; font-size: 16px; font-weight: 400;\"><br>Diplom-Betriebswirt (FH)<br>Steuerberater<br>Beethovenstra\u00dfe 35<br>65462 Ginsh.-Gustavsburg<\/span><\/p>\n                    <p>\n                      <a href=\"mailto:%20info@gallon-stb.de\" style=\"font-family: &quot;Open Sans&quot;; font-weight: 400; font-size: 1em; color: rgb(3, 169, 244);\" data-cmp-ab=\"2\">E-Mail: info@gallon-stb.de<\/a>\n                    <\/p>\n                    <p>\n                      <br>\n                    <\/p>\n                  <\/div>\n              <\/div>\n              <div data-colibri-id=\"2-c14\" class=\"h-text h-text-component style-1351 style-local-2-c14 position-relative h-element\">\n                <!---->\n                <!---->\n                <div class=\"\">\n                  <p><span style=\"color: rgb(0, 0, 0);\">\u00d6ffentlicher Parkplatz vor der Volksbank Mainspitze ist bis zu 2 Stunden frei nutzbar.<\/span><\/p>\n                <\/div>\n              <\/div>\n            <\/div>\n          <\/div>\n        <\/div>\n      <\/div>\n    <\/div>\n  <\/div>\n<\/div>\n<div data-colibri-component=\"section\" data-colibri-id=\"2-c18\" id=\"reusable-sections\" class=\"h-section h-section-global-spacing d-flex align-items-lg-center align-items-md-center align-items-center style-1107 style-local-2-c18 position-relative\">\n  <!---->\n  <!---->\n  <div class=\"h-section-grid-container h-section-boxed-container\">\n    <!---->\n    <div data-colibri-id=\"2-c19\" class=\"h-row-container gutters-row-lg-0 gutters-row-md-0 gutters-row-0 gutters-row-v-lg-0 gutters-row-v-md-0 gutters-row-v-0 style-1108 style-local-2-c19 position-relative\">\n      <!---->\n      <div class=\"h-row justify-content-lg-center justify-content-md-center justify-content-center align-items-lg-stretch align-items-md-stretch align-items-stretch gutters-col-lg-0 gutters-col-md-0 gutters-col-0 gutters-col-v-lg-0 gutters-col-v-md-0 gutters-col-v-0\">\n        <!---->\n        <div class=\"h-column h-column-container d-flex h-col-lg-auto h-col-md-auto h-col-auto style-1109-outer style-local-2-c20-outer\">\n          <div data-colibri-id=\"2-c20\" class=\"d-flex h-flex-basis h-column__inner h-ui-empty-state-container h-px-lg-0 h-px-md-0 h-px-0 v-inner-lg-0 v-inner-md-0 v-inner-0 style-1109 style-local-2-c20 position-relative\">\n            <div class=\"background-wrapper\">\n              <div class=\"background-layer background-layer-media-container-lg\">\n                <!---->\n                <div class=\"overlay-layer\">\n                  <div class=\"overlay-image-layer\" style=\"background-image: linear-gradient(90deg, rgba(51, 51, 51, 0) 0%, rgb(0, 0, 0) 100%);\"><\/div>\n                <\/div>\n              <\/div>\n              <div class=\"background-layer background-layer-media-container-md\">\n                <!---->\n                <div class=\"overlay-layer\">\n                  <div class=\"overlay-image-layer\" style=\"background-image: linear-gradient(90deg, rgba(51, 51, 51, 0) 0%, rgb(0, 0, 0) 100%);\"><\/div>\n                <\/div>\n              <\/div>\n              <div class=\"background-layer background-layer-media-container\">\n                <!---->\n                <div class=\"overlay-layer\">\n                  <div class=\"overlay-image-layer\" style=\"background-image: linear-gradient(90deg, rgba(51, 51, 51, 0) 0%, rgb(0, 0, 0) 100%);\"><\/div>\n                <\/div>\n              <\/div>\n            <\/div>\n            <!---->\n            <div class=\"w-100 h-y-container h-column__content h-column__v-align flex-basis-100\">\n              <!---->\n            <\/div>\n          <\/div>\n        <\/div>\n        <div class=\"h-column h-column-container d-flex h-col-lg-auto h-col-md-auto h-col-auto style-1110-outer style-local-2-c21-outer\">\n          <div data-colibri-id=\"2-c21\" class=\"d-flex h-flex-basis h-column__inner h-px-lg-0 h-px-md-0 h-px-0 v-inner-lg-0 v-inner-md-0 v-inner-0 style-1110 style-local-2-c21 position-relative\">\n            <!---->\n            <!---->\n            <div class=\"w-100 h-y-container h-column__content h-column__v-align flex-basis-100 align-self-lg-start align-self-md-start align-self-start\">\n              <!---->\n              <div data-colibri-id=\"2-c22\" class=\"h-global-transition-all h-heading style-1111 style-local-2-c22 position-relative h-element\">\n                <!---->\n                <div class=\"h-heading__outer style-1111 style-local-2-c22\">\n                  <!---->\n                  <!---->\n                  <h3 class=\"\">Weitere Informationen<\/h3>\n                <\/div>\n              <\/div>\n              <div data-colibri-id=\"2-c23\" class=\"h-row-container gutters-row-lg-0 gutters-row-md-0 gutters-row-0 gutters-row-v-lg-0 gutters-row-v-md-0 gutters-row-v-0 style-1112 style-local-2-c23 position-relative\">\n                <!---->\n                <div class=\"h-row justify-content-lg-center justify-content-md-start justify-content-center align-items-lg-stretch align-items-md-stretch align-items-stretch gutters-col-lg-0 gutters-col-md-0 gutters-col-0 gutters-col-v-lg-0 gutters-col-v-md-0 gutters-col-v-0\">\n                  <!---->\n                  <div class=\"h-column h-column-container d-flex h-col-lg-auto h-col-md-auto h-col-auto style-1113-outer style-local-2-c24-outer\">\n                    <div data-colibri-id=\"2-c24\" class=\"d-flex h-flex-basis h-column__inner h-px-lg-2 h-px-md-2 h-px-2 v-inner-lg-2 v-inner-md-2 v-inner-2 style-1113 style-local-2-c24 position-relative\">\n                      <!---->\n                      <!---->\n                      <div class=\"w-100 h-y-container h-column__content h-column__v-align flex-basis-100 align-self-lg-start align-self-md-start align-self-start\">\n                        <!---->\n                        <div data-colibri-id=\"2-c25\" class=\"h-icon style-1114 style-local-2-c25 position-relative h-element\">\n                          <!----><span class=\"h-svg-icon h-icon__icon style-1114-icon style-local-2-c25-icon\"><!--Icon by Icons8 Line Awesome (https:\/\/icons8.com\/line-awesome)--><svg version=\"1.1\" xmlns=\"http:\/\/www.w3.org\/2000\/svg\" xmlns:xlink=\"http:\/\/www.w3.org\/1999\/xlink\" id=\"bar-chart\" viewBox=\"0 0 512 545.5\"><path d=\"M336 96h128v384H336V96zm32 32v320h64V128h-64zM48 192h128v288H48V192zm32 32v224h64V224H80zm112 64h128v192H192V288zm32 32v128h64V320h-64z\"><\/path><\/svg><\/span><\/div>\n                        <div\n                          data-colibri-id=\"2-c26\" class=\"h-x-container style-1115 style-local-2-c26 position-relative h-element\">\n                          <!---->\n                          <div class=\"h-x-container-inner style-dynamic-2-c26-group style-1115-spacing style-local-2-c26-spacing\"><span class=\"h-link__outer style-1116-outer style-local-2-c27-outer d-inline-flex h-element\"><a h-use-smooth-scroll=\"true\" href=\"https:\/\/stb-gallon.de\/wordpress\/index.php\/Anfahrt\/\"  data-colibri-id=\"2-c27\" class=\"d-flex w-100 align-items-center h-link style-1116 style-local-2-c27 position-relative\"><!----><span  class=\"h-svg-icon h-link__icon style-1116-icon style-local-2-c27-icon\"><!--Icon by Font Awesome (https:\/\/fontawesome.com)--><svg version=\"1.1\" xmlns=\"http:\/\/www.w3.org\/2000\/svg\" xmlns:xlink=\"http:\/\/www.w3.org\/1999\/xlink\" id=\"star\" viewBox=\"0 0 1664 1896.0833\"><path d=\"M1664 647q0 22-26 48l-363 354 86 500q1 7 1 20 0 21-10.5 35.5T1321 1619q-19 0-40-12l-449-236-449 236q-22 12-40 12-21 0-31.5-14.5T301 1569q0-6 2-20l86-500L25 695Q0 668 0 647q0-37 56-46l502-73L783 73q19-41 49-41t49 41l225 455 502 73q56 9 56 46z\"><\/path><\/svg><\/span>                            <span>Anfahrt<\/span><\/a>\n                            <\/span>\n                          <\/div>\n                      <\/div>\n                    <\/div>\n                  <\/div>\n                <\/div>\n                <div class=\"h-column h-column-container d-flex h-col-lg-auto h-col-md-auto h-col-auto style-1113-outer style-local-2-c28-outer\">\n                  <div data-colibri-id=\"2-c28\" class=\"d-flex h-flex-basis h-column__inner h-px-lg-2 h-px-md-2 h-px-2 v-inner-lg-2 v-inner-md-2 v-inner-2 style-1113 style-local-2-c28 position-relative\">\n                    <!---->\n                    <!---->\n                    <div class=\"w-100 h-y-container h-column__content h-column__v-align flex-basis-100 align-self-lg-start align-self-md-start align-self-start\">\n                      <!---->\n                      <div data-colibri-id=\"2-c29\" class=\"h-icon style-1114 style-local-2-c29 position-relative h-element\">\n                        <!----><span class=\"h-svg-icon h-icon__icon style-1114-icon style-local-2-c29-icon\"><!--Icon by Icons8 Line Awesome (https:\/\/icons8.com\/line-awesome)--><svg version=\"1.1\" xmlns=\"http:\/\/www.w3.org\/2000\/svg\" xmlns:xlink=\"http:\/\/www.w3.org\/1999\/xlink\" id=\"binoculars\" viewBox=\"0 0 512 545.5\"><path d=\"M176 112c29.713 0 53.785 20.558 61 48h38c7.215-27.442 31.287-48 61-48 31.48 0 56.644 23.064 62 53 30.428 7.807 56.326 27.65 68 56v.5l.5.5L503 324c5.795 13.502 9 28.423 9 44 0 61.666-50.334 112-112 112-55.546 0-101.847-40.826-110.5-94-8.688 8.553-20.476 14-33.5 14s-24.813-5.447-33.5-14c-8.653 53.174-54.954 94-110.5 94C50.334 480 0 429.666 0 368c0-17.54 4.253-34.19 11.5-49l34-95.5h.5c11.496-31.205 37.775-50.882 68-58.5 5.356-29.936 30.52-53 62-53zm0 32c-19.043 0-32 12.957-32 32v14.5l-14.5 1.5c-24.565 2.586-44.21 17.225-53.5 42v.5L64 267c14.557-6.945 30.852-11 48-11 46.792 0 86.797 29.08 103.5 70 8.577-13.29 23.658-22 40.5-22s31.923 8.71 40.5 22c16.703-40.92 56.708-70 103.5-70 17.38 0 33.794 4.377 48.5 11.5l-12-34c-.14-.34-.354-.662-.5-1-9.246-21.422-29.724-37.997-53.5-40.5l-14.5-1.5V176c0-19.043-12.957-32-32-32s-32 12.957-32 32v16h-96v-16c0-19.043-12.957-32-32-32zm-64 144c-32.328 0-59.852 19.073-72.5 46.5-.28.606-.235 1.387-.5 2-4.2 9.743-7 20.17-7 31.5 0 44.372 35.628 80 80 80s80-35.628 80-80-35.628-80-80-80zm288 0c-44.372 0-80 35.628-80 80s35.628 80 80 80 80-35.628 80-80-35.628-80-80-80zm-144 48c-9.026 0-16 6.974-16 16s6.974 16 16 16 16-6.974 16-16-6.974-16-16-16z\"><\/path><\/svg><\/span><\/div>\n                      <div\n                        data-colibri-id=\"2-c30\" class=\"h-x-container style-1117 style-local-2-c30 position-relative h-element\">\n                        <!---->\n                        <div class=\"h-x-container-inner style-dynamic-2-c30-group style-1117-spacing style-local-2-c30-spacing\"><span class=\"h-link__outer style-1118-outer style-local-2-c31-outer d-inline-flex h-element\"><a h-use-smooth-scroll=\"true\" href=\"https:\/\/stb-gallon.de\/wordpress\/index.php\/#popmake-1974\"  data-colibri-id=\"2-c31\" class=\"d-flex w-100 align-items-center h-link style-1118 style-local-2-c31 position-relative\"><!----><span  class=\"h-svg-icon h-link__icon style-1118-icon style-local-2-c31-icon\"><!--Icon by Font Awesome (https:\/\/fontawesome.com)--><svg version=\"1.1\" xmlns=\"http:\/\/www.w3.org\/2000\/svg\" xmlns:xlink=\"http:\/\/www.w3.org\/1999\/xlink\" id=\"star\" viewBox=\"0 0 1664 1896.0833\"><path d=\"M1664 647q0 22-26 48l-363 354 86 500q1 7 1 20 0 21-10.5 35.5T1321 1619q-19 0-40-12l-449-236-449 236q-22 12-40 12-21 0-31.5-14.5T301 1569q0-6 2-20l86-500L25 695Q0 668 0 647q0-37 56-46l502-73L783 73q19-41 49-41t49 41l225 455 502 73q56 9 56 46z\"><\/path><\/svg><\/span>                          <span>Videokonferenz<\/span><\/a>\n                          <\/span>\n                        <\/div>\n                    <\/div>\n                  <\/div>\n                <\/div>\n              <\/div>\n              <div class=\"h-column h-column-container d-flex h-col-lg-auto h-col-md-auto h-col-auto style-1113-outer style-local-2-c32-outer\">\n                <div data-colibri-id=\"2-c32\" class=\"d-flex h-flex-basis h-column__inner h-px-lg-2 h-px-md-2 h-px-2 v-inner-lg-2 v-inner-md-2 v-inner-2 style-1113 style-local-2-c32 position-relative\">\n                  <!---->\n                  <!---->\n                  <div class=\"w-100 h-y-container h-column__content h-column__v-align flex-basis-100 align-self-lg-start align-self-md-start align-self-start\">\n                    <!---->\n                    <div data-colibri-id=\"2-c33\" class=\"h-icon style-1114 style-local-2-c33 position-relative h-element\">\n                      <!----><span class=\"h-svg-icon h-icon__icon style-1114-icon style-local-2-c33-icon\"><!--Icon by Icons8 Line Awesome (https:\/\/icons8.com\/line-awesome)--><svg version=\"1.1\" xmlns=\"http:\/\/www.w3.org\/2000\/svg\" xmlns:xlink=\"http:\/\/www.w3.org\/1999\/xlink\" id=\"forumbee\" viewBox=\"0 0 512 545.5\"><path d=\"M256 79.5c14.992 0 29.404 1.492 43.5 4.5-116.736 43.552-203.864 137.744-247 250-3.344-14.816-5-30.16-5-46 0-114.992 93.492-208.5 208.5-208.5zm118 37c16.848 11.68 32.264 25.968 45 42-56.928 14.832-221.192 75.54-293 292.5-15.872-12.624-29.9-27.828-41.5-44.5 66.8-209.152 233.532-273.824 289.5-290zm73.5 89.5c7.136 16.688 11.94 34.408 14.5 53-151.824 61.856-214.352 185.576-234 235-18.544-2.48-36.328-7.476-53-14.5 19.504-58.336 87.124-213.884 272.5-273.5zM462 317.5c-3.984 27.904-13.596 53.8-27.5 77C444.227 422.42 464 496 464 496l-99.5-30.5c-23.024 14.112-49.208 23.712-77 28 9.696-22.096 32.36-61.464 81-107 42.816-40.08 74.284-59.464 93.5-69z\"><\/path><\/svg><\/span><\/div>\n                    <div\n                      data-colibri-id=\"2-c34\" class=\"h-x-container style-1119 style-local-2-c34 position-relative h-element\">\n                      <!---->\n                      <div class=\"h-x-container-inner style-dynamic-2-c34-group style-1119-spacing style-local-2-c34-spacing\"><span class=\"h-link__outer style-1118-outer style-local-2-c35-outer d-inline-flex h-element\"><a h-use-smooth-scroll=\"true\" href=\"https:\/\/stb-gallon.de\/wordpress\/index.php\/#popmake-1831\"  data-colibri-id=\"2-c35\" class=\"d-flex w-100 align-items-center h-link style-1118 style-local-2-c35 position-relative\"><!----><span  class=\"h-svg-icon h-link__icon style-1118-icon style-local-2-c35-icon\"><!--Icon by Font Awesome (https:\/\/fontawesome.com)--><svg version=\"1.1\" xmlns=\"http:\/\/www.w3.org\/2000\/svg\" xmlns:xlink=\"http:\/\/www.w3.org\/1999\/xlink\" id=\"star\" viewBox=\"0 0 1664 1896.0833\"><path d=\"M1664 647q0 22-26 48l-363 354 86 500q1 7 1 20 0 21-10.5 35.5T1321 1619q-19 0-40-12l-449-236-449 236q-22 12-40 12-21 0-31.5-14.5T301 1569q0-6 2-20l86-500L25 695Q0 668 0 647q0-37 56-46l502-73L783 73q19-41 49-41t49 41l225 455 502 73q56 9 56 46z\"><\/path><\/svg><\/span>                        <span>Zust\u00e4ndige Steuerberatungskammer<\/span><\/a>\n                        <\/span>\n                      <\/div>\n                  <\/div>\n                <\/div>\n              <\/div>\n            <\/div>\n          <\/div>\n        <\/div>\n      <\/div>\n    <\/div>\n  <\/div>\n<\/div>\n<\/div>\n<\/div>\n<\/div>\n<\/div>","protected":false},"excerpt":{"rendered":"<p>Telefonische Erreichbarkeit: Montag \u2013 Donnerstag 09:00 Uhr bis 12:00 Uhr Au\u00dferhalb dieser Zeiten besprechen Sie bitte unsere Mailbox oder senden Sie uns eine E-Mail mit Ihren Anfragen. Wir werden uns schnellstm\u00f6glich bei Ihnen melden. Pers\u00f6nliche Erreichbarkeit: Montag \u2013 Donnerstag 08:00 Uhr bis 16:00 Uhr Als zus\u00e4tzlichen Service haben wir an unserer Eingangstreppe eine gesicherte Paketbox [&hellip;]<\/p>\n","protected":false},"author":1,"featured_media":0,"parent":0,"menu_order":0,"comment_status":"closed","ping_status":"closed","template":"page-templates\/full-width-page.php","meta":[],"_links":{"self":[{"href":"https:\/\/stb-gallon.de\/wordpress\/index.php\/wp-json\/wp\/v2\/pages\/2"}],"collection":[{"href":"https:\/\/stb-gallon.de\/wordpress\/index.php\/wp-json\/wp\/v2\/pages"}],"about":[{"href":"https:\/\/stb-gallon.de\/wordpress\/index.php\/wp-json\/wp\/v2\/types\/page"}],"author":[{"embeddable":true,"href":"https:\/\/stb-gallon.de\/wordpress\/index.php\/wp-json\/wp\/v2\/users\/1"}],"replies":[{"embeddable":true,"href":"https:\/\/stb-gallon.de\/wordpress\/index.php\/wp-json\/wp\/v2\/comments?post=2"}],"version-history":[{"count":20,"href":"https:\/\/stb-gallon.de\/wordpress\/index.php\/wp-json\/wp\/v2\/pages\/2\/revisions"}],"predecessor-version":[{"id":3089,"href":"https:\/\/stb-gallon.de\/wordpress\/index.php\/wp-json\/wp\/v2\/pages\/2\/revisions\/3089"}],"wp:attachment":[{"href":"https:\/\/stb-gallon.de\/wordpress\/index.php\/wp-json\/wp\/v2\/media?parent=2"}],"curies":[{"name":"wp","href":"https:\/\/api.w.org\/{rel}","templated":true}]}}